{"id":575,"date":"2021-05-30T21:38:00","date_gmt":"2021-05-31T00:38:00","guid":{"rendered":"https:\/\/www.cppaco.com.br\/novo\/?page_id=575"},"modified":"2026-01-23T17:34:42","modified_gmt":"2026-01-23T20:34:42","slug":"produtos","status":"publish","type":"page","link":"https:\/\/www.cppaco.com.br\/novo\/produtos\/","title":{"rendered":"Produtos"},"content":{"rendered":"\t\t<div data-elementor-type=\"wp-page\" data-elementor-id=\"575\" class=\"elementor elementor-575\" data-elementor-post-type=\"page\">\n\t\t\t\t\t\t<section class=\"elementor-section elementor-top-section elementor-element elementor-element-3041282 elementor-section-boxed elementor-section-height-default elementor-section-height-default\" data-id=\"3041282\" data-element_type=\"section\">\n\t\t\t\t\t\t<div class=\"elementor-container elementor-column-gap-default\">\n\t\t\t\t\t<div class=\"elementor-column elementor-col-33 elementor-top-column elementor-element elementor-element-273fee9\" data-id=\"273fee9\" data-element_type=\"column\">\n\t\t\t<div class=\"elementor-widget-wrap elementor-element-populated\">\n\t\t\t\t\t\t<div class=\"elementor-element elementor-element-24621ad elementor-widget elementor-widget-image\" data-id=\"24621ad\" data-element_type=\"widget\" data-widget_type=\"image.default\">\n\t\t\t\t<div class=\"elementor-widget-container\">\n\t\t\t\t\t\t\t\t\t\t\t\t\t\t\t<img fetchpriority=\"high\" decoding=\"async\" width=\"500\" height=\"500\" src=\"https:\/\/www.cppaco.com.br\/novo\/wp-content\/uploads\/2021\/05\/product-mob-bobinas-e1620668593893.jpeg\" class=\"attachment-large size-large wp-image-528\" alt=\"\" srcset=\"https:\/\/www.cppaco.com.br\/novo\/wp-content\/uploads\/2021\/05\/product-mob-bobinas-e1620668593893.jpeg 500w, https:\/\/www.cppaco.com.br\/novo\/wp-content\/uploads\/2021\/05\/product-mob-bobinas-e1620668593893-300x300.jpeg 300w, https:\/\/www.cppaco.com.br\/novo\/wp-content\/uploads\/2021\/05\/product-mob-bobinas-e1620668593893-150x150.jpeg 150w\" sizes=\"(max-width: 500px) 100vw, 500px\" \/>\t\t\t\t\t\t\t\t\t\t\t\t\t\t\t<\/div>\n\t\t\t\t<\/div>\n\t\t\t\t\t<\/div>\n\t\t<\/div>\n\t\t\t\t<div class=\"elementor-column elementor-col-66 elementor-top-column elementor-element elementor-element-680c04f\" data-id=\"680c04f\" data-element_type=\"column\">\n\t\t\t<div class=\"elementor-widget-wrap elementor-element-populated\">\n\t\t\t\t\t\t<div class=\"elementor-element elementor-element-c0124bc elementor-widget elementor-widget-text-editor\" data-id=\"c0124bc\" data-element_type=\"widget\" data-widget_type=\"text-editor.default\">\n\t\t\t\t<div class=\"elementor-widget-container\">\n\t\t\t\t\t\t\t\t\t<h1>Alum\u00ednio<\/h1><p>Pode ser fornecido em diversas ligas, entre elas as mais utilizadas s\u00e3o: 1100, 1200, 3003, 3105, 5003, 5052. Com t\u00eamperas: \u201cO\u201d, H14, H18, H26. O alum\u00ednio possui aplica\u00e7\u00f5es em diversos setores, tais como: constru\u00e7\u00e3o civil, automobil\u00edstico, alimenta\u00e7\u00e3o, implementos agr\u00edcolas&#8230;<\/p><p>Este material pode ser\u00a0 fornecido em bobininhas , chapas ou slitters<\/p>\t\t\t\t\t\t\t\t<\/div>\n\t\t\t\t<\/div>\n\t\t\t\t\t<\/div>\n\t\t<\/div>\n\t\t\t\t\t<\/div>\n\t\t<\/section>\n\t\t\t\t<section class=\"elementor-section elementor-top-section elementor-element elementor-element-4c1c99a elementor-section-boxed elementor-section-height-default elementor-section-height-default\" data-id=\"4c1c99a\" data-element_type=\"section\">\n\t\t\t\t\t\t<div class=\"elementor-container elementor-column-gap-default\">\n\t\t\t\t\t<div class=\"elementor-column elementor-col-33 elementor-top-column elementor-element elementor-element-6909196\" data-id=\"6909196\" data-element_type=\"column\">\n\t\t\t<div class=\"elementor-widget-wrap elementor-element-populated\">\n\t\t\t\t\t\t<div class=\"elementor-element elementor-element-5e561ef elementor-widget elementor-widget-image\" data-id=\"5e561ef\" data-element_type=\"widget\" data-widget_type=\"image.default\">\n\t\t\t\t<div class=\"elementor-widget-container\">\n\t\t\t\t\t\t\t\t\t\t\t\t\t\t\t<img decoding=\"async\" width=\"318\" height=\"318\" src=\"https:\/\/www.cppaco.com.br\/novo\/wp-content\/uploads\/2021\/05\/aco-pre-pintado-e1620668460345.jpeg\" class=\"attachment-large size-large wp-image-529\" alt=\"\" srcset=\"https:\/\/www.cppaco.com.br\/novo\/wp-content\/uploads\/2021\/05\/aco-pre-pintado-e1620668460345.jpeg 318w, https:\/\/www.cppaco.com.br\/novo\/wp-content\/uploads\/2021\/05\/aco-pre-pintado-e1620668460345-300x300.jpeg 300w, https:\/\/www.cppaco.com.br\/novo\/wp-content\/uploads\/2021\/05\/aco-pre-pintado-e1620668460345-150x150.jpeg 150w\" sizes=\"(max-width: 318px) 100vw, 318px\" \/>\t\t\t\t\t\t\t\t\t\t\t\t\t\t\t<\/div>\n\t\t\t\t<\/div>\n\t\t\t\t\t<\/div>\n\t\t<\/div>\n\t\t\t\t<div class=\"elementor-column elementor-col-66 elementor-top-column elementor-element elementor-element-d1a8b1c\" data-id=\"d1a8b1c\" data-element_type=\"column\">\n\t\t\t<div class=\"elementor-widget-wrap elementor-element-populated\">\n\t\t\t\t\t\t<div class=\"elementor-element elementor-element-45d0639 elementor-widget elementor-widget-text-editor\" data-id=\"45d0639\" data-element_type=\"widget\" data-widget_type=\"text-editor.default\">\n\t\t\t\t<div class=\"elementor-widget-container\">\n\t\t\t\t\t\t\t\t\t<h1>A\u00e7o Galvanizado<\/h1><p>Material que alia a resist\u00eancia do a\u00e7o, com a elevada resist\u00eancia \u00e0 corros\u00e3o conferida pela camada de revestimento do zinco. Pode ser\u00a0 fornecida com diversos pesos de camada de cobertura e com apar\u00eancia superficial de flor regular ou minimizada. \u00c9 aplicado na fabrica\u00e7\u00e3o de estruturas met\u00e1licas, calhas, rufos, eletrocalhas, dutos de ar condicionados , eletrodom\u00e9sticos. Pode ser fornecido na condi\u00e7\u00e3o de chapas ou slitter.<\/p>\t\t\t\t\t\t\t\t<\/div>\n\t\t\t\t<\/div>\n\t\t\t\t\t<\/div>\n\t\t<\/div>\n\t\t\t\t\t<\/div>\n\t\t<\/section>\n\t\t\t\t<\/div>\n\t\t","protected":false},"excerpt":{"rendered":"<p>Alum\u00ednio Pode ser fornecido em diversas ligas, entre elas as mais utilizadas s\u00e3o: 1100, 1200, 3003, 3105, 5003, 5052. Com t\u00eamperas: \u201cO\u201d, H14, H18, H26. O alum\u00ednio possui aplica\u00e7\u00f5es em diversos setores, tais como: constru\u00e7\u00e3o civil, automobil\u00edstico, alimenta\u00e7\u00e3o, implementos agr\u00edcolas&#8230; Este material pode ser\u00a0 fornecido em bobininhas , chapas ou slitters A\u00e7o Galvanizado Material que [&hellip;]<\/p>\n","protected":false},"author":1,"featured_media":0,"parent":0,"menu_order":0,"comment_status":"closed","ping_status":"closed","template":"elementor_header_footer","meta":{"ocean_post_layout":"","ocean_both_sidebars_style":"","ocean_both_sidebars_content_width":0,"ocean_both_sidebars_sidebars_width":0,"ocean_sidebar":"0","ocean_second_sidebar":"0","ocean_disable_margins":"enable","ocean_add_body_class":"","ocean_shortcode_before_top_bar":"","ocean_shortcode_after_top_bar":"","ocean_shortcode_before_header":"","ocean_shortcode_after_header":"","ocean_has_shortcode":"","ocean_shortcode_after_title":"","ocean_shortcode_before_footer_widgets":"","ocean_shortcode_after_footer_widgets":"","ocean_shortcode_before_footer_bottom":"","ocean_shortcode_after_footer_bottom":"","ocean_display_top_bar":"default","ocean_display_header":"default","ocean_header_style":"","ocean_center_header_left_menu":"0","ocean_custom_header_template":"0","ocean_custom_logo":0,"ocean_custom_retina_logo":0,"ocean_custom_logo_max_width":0,"ocean_custom_logo_tablet_max_width":0,"ocean_custom_logo_mobile_max_width":0,"ocean_custom_logo_max_height":0,"ocean_custom_logo_tablet_max_height":0,"ocean_custom_logo_mobile_max_height":0,"ocean_header_custom_menu":"0","ocean_menu_typo_font_family":"0","ocean_menu_typo_font_subset":"","ocean_menu_typo_font_size":0,"ocean_menu_typo_font_size_tablet":0,"ocean_menu_typo_font_size_mobile":0,"ocean_menu_typo_font_size_unit":"px","ocean_menu_typo_font_weight":"","ocean_menu_typo_font_weight_tablet":"","ocean_menu_typo_font_weight_mobile":"","ocean_menu_typo_transform":"","ocean_menu_typo_transform_tablet":"","ocean_menu_typo_transform_mobile":"","ocean_menu_typo_line_height":0,"ocean_menu_typo_line_height_tablet":0,"ocean_menu_typo_line_height_mobile":0,"ocean_menu_typo_line_height_unit":"","ocean_menu_typo_spacing":0,"ocean_menu_typo_spacing_tablet":0,"ocean_menu_typo_spacing_mobile":0,"ocean_menu_typo_spacing_unit":"","ocean_menu_link_color":"","ocean_menu_link_color_hover":"","ocean_menu_link_color_active":"","ocean_menu_link_background":"","ocean_menu_link_hover_background":"","ocean_menu_link_active_background":"","ocean_menu_social_links_bg":"","ocean_menu_social_hover_links_bg":"","ocean_menu_social_links_color":"","ocean_menu_social_hover_links_color":"","ocean_disable_title":"on","ocean_disable_heading":"default","ocean_post_title":"","ocean_post_subheading":"","ocean_post_title_style":"","ocean_post_title_background_color":"","ocean_post_title_background":0,"ocean_post_title_bg_image_position":"","ocean_post_title_bg_image_attachment":"","ocean_post_title_bg_image_repeat":"","ocean_post_title_bg_image_size":"","ocean_post_title_height":0,"ocean_post_title_bg_overlay":0.5,"ocean_post_title_bg_overlay_color":"","ocean_disable_breadcrumbs":"default","ocean_breadcrumbs_color":"","ocean_breadcrumbs_separator_color":"","ocean_breadcrumbs_links_color":"","ocean_breadcrumbs_links_hover_color":"","ocean_display_footer_widgets":"default","ocean_display_footer_bottom":"default","ocean_custom_footer_template":"0","_joinchat":[],"footnotes":""},"class_list":["post-575","page","type-page","status-publish","hentry","entry"],"yoast_head":"<!-- This site is optimized with the Yoast SEO plugin v26.8 - https:\/\/yoast.com\/product\/yoast-seo-wordpress\/ -->\n<title>Nossos Produtos Sider\u00fargicos | CPP A\u00e7os Planos<\/title>\n<meta name=\"description\" content=\"Conhe\u00e7a nossa linha completa de a\u00e7os planos: laminados a frio, galvanizados, galvalume e pr\u00e9-pintados. Qualidade garantida para o seu projeto industrial.\" \/>\n<meta name=\"robots\" content=\"index, follow, max-snippet:-1, max-image-preview:large, max-video-preview:-1\" \/>\n<link rel=\"canonical\" href=\"https:\/\/www.cppaco.com.br\/novo\/produtos\/\" \/>\n<meta property=\"og:locale\" content=\"pt_BR\" \/>\n<meta property=\"og:type\" content=\"article\" \/>\n<meta property=\"og:title\" content=\"Nossos Produtos Sider\u00fargicos | CPP A\u00e7os Planos\" \/>\n<meta property=\"og:description\" content=\"Conhe\u00e7a nossa linha completa de a\u00e7os planos: laminados a frio, galvanizados, galvalume e pr\u00e9-pintados. Qualidade garantida para o seu projeto industrial.\" \/>\n<meta property=\"og:url\" content=\"https:\/\/www.cppaco.com.br\/novo\/produtos\/\" \/>\n<meta property=\"og:site_name\" content=\"CPP A\u00e7o\" \/>\n<meta property=\"article:modified_time\" content=\"2026-01-23T20:34:42+00:00\" \/>\n<meta property=\"og:image\" content=\"http:\/\/www.cppaco.com.br\/novo\/wp-content\/uploads\/2021\/05\/product-mob-bobinas-e1620668593893.jpeg\" \/>\n<meta name=\"twitter:card\" content=\"summary_large_image\" \/>\n<meta name=\"twitter:label1\" content=\"Est. tempo de leitura\" \/>\n\t<meta name=\"twitter:data1\" content=\"2 minutos\" \/>\n<script type=\"application\/ld+json\" class=\"yoast-schema-graph\">{\"@context\":\"https:\/\/schema.org\",\"@graph\":[{\"@type\":\"WebPage\",\"@id\":\"https:\/\/www.cppaco.com.br\/novo\/produtos\/\",\"url\":\"https:\/\/www.cppaco.com.br\/novo\/produtos\/\",\"name\":\"Nossos Produtos Sider\u00fargicos | CPP A\u00e7os Planos\",\"isPartOf\":{\"@id\":\"https:\/\/www.cppaco.com.br\/novo\/#website\"},\"primaryImageOfPage\":{\"@id\":\"https:\/\/www.cppaco.com.br\/novo\/produtos\/#primaryimage\"},\"image\":{\"@id\":\"https:\/\/www.cppaco.com.br\/novo\/produtos\/#primaryimage\"},\"thumbnailUrl\":\"http:\/\/www.cppaco.com.br\/novo\/wp-content\/uploads\/2021\/05\/product-mob-bobinas-e1620668593893.jpeg\",\"datePublished\":\"2021-05-31T00:38:00+00:00\",\"dateModified\":\"2026-01-23T20:34:42+00:00\",\"description\":\"Conhe\u00e7a nossa linha completa de a\u00e7os planos: laminados a frio, galvanizados, galvalume e pr\u00e9-pintados. Qualidade garantida para o seu projeto industrial.\",\"breadcrumb\":{\"@id\":\"https:\/\/www.cppaco.com.br\/novo\/produtos\/#breadcrumb\"},\"inLanguage\":\"pt-BR\",\"potentialAction\":[{\"@type\":\"ReadAction\",\"target\":[\"https:\/\/www.cppaco.com.br\/novo\/produtos\/\"]}]},{\"@type\":\"ImageObject\",\"inLanguage\":\"pt-BR\",\"@id\":\"https:\/\/www.cppaco.com.br\/novo\/produtos\/#primaryimage\",\"url\":\"http:\/\/www.cppaco.com.br\/novo\/wp-content\/uploads\/2021\/05\/product-mob-bobinas-e1620668593893.jpeg\",\"contentUrl\":\"http:\/\/www.cppaco.com.br\/novo\/wp-content\/uploads\/2021\/05\/product-mob-bobinas-e1620668593893.jpeg\"},{\"@type\":\"BreadcrumbList\",\"@id\":\"https:\/\/www.cppaco.com.br\/novo\/produtos\/#breadcrumb\",\"itemListElement\":[{\"@type\":\"ListItem\",\"position\":1,\"name\":\"In\u00edcio\",\"item\":\"https:\/\/www.cppaco.com.br\/novo\/\"},{\"@type\":\"ListItem\",\"position\":2,\"name\":\"Produtos\"}]},{\"@type\":\"WebSite\",\"@id\":\"https:\/\/www.cppaco.com.br\/novo\/#website\",\"url\":\"https:\/\/www.cppaco.com.br\/novo\/\",\"name\":\"CPP A\u00e7o\",\"description\":\"Cortes de A\u00e7os Planos e Pr\u00e9-Pintados\",\"publisher\":{\"@id\":\"https:\/\/www.cppaco.com.br\/novo\/#organization\"},\"potentialAction\":[{\"@type\":\"SearchAction\",\"target\":{\"@type\":\"EntryPoint\",\"urlTemplate\":\"https:\/\/www.cppaco.com.br\/novo\/?s={search_term_string}\"},\"query-input\":{\"@type\":\"PropertyValueSpecification\",\"valueRequired\":true,\"valueName\":\"search_term_string\"}}],\"inLanguage\":\"pt-BR\"},{\"@type\":\"Organization\",\"@id\":\"https:\/\/www.cppaco.com.br\/novo\/#organization\",\"name\":\"CPP A\u00e7o\",\"url\":\"https:\/\/www.cppaco.com.br\/novo\/\",\"logo\":{\"@type\":\"ImageObject\",\"inLanguage\":\"pt-BR\",\"@id\":\"https:\/\/www.cppaco.com.br\/novo\/#\/schema\/logo\/image\/\",\"url\":\"https:\/\/www.cppaco.com.br\/novo\/wp-content\/uploads\/2025\/07\/cropped-Design-sem-nome-2.png\",\"contentUrl\":\"https:\/\/www.cppaco.com.br\/novo\/wp-content\/uploads\/2025\/07\/cropped-Design-sem-nome-2.png\",\"width\":512,\"height\":512,\"caption\":\"CPP A\u00e7o\"},\"image\":{\"@id\":\"https:\/\/www.cppaco.com.br\/novo\/#\/schema\/logo\/image\/\"},\"sameAs\":[\"https:\/\/www.linkedin.com\/company\/cpp-centro-de-corte-e-armazenamento\/\",\"https:\/\/www.instagram.com\/cppacos\"]}]}<\/script>\n<!-- \/ Yoast SEO plugin. -->","yoast_head_json":{"title":"Nossos Produtos Sider\u00fargicos | CPP A\u00e7os Planos","description":"Conhe\u00e7a nossa linha completa de a\u00e7os planos: laminados a frio, galvanizados, galvalume e pr\u00e9-pintados. Qualidade garantida para o seu projeto industrial.","robots":{"index":"index","follow":"follow","max-snippet":"max-snippet:-1","max-image-preview":"max-image-preview:large","max-video-preview":"max-video-preview:-1"},"canonical":"https:\/\/www.cppaco.com.br\/novo\/produtos\/","og_locale":"pt_BR","og_type":"article","og_title":"Nossos Produtos Sider\u00fargicos | CPP A\u00e7os Planos","og_description":"Conhe\u00e7a nossa linha completa de a\u00e7os planos: laminados a frio, galvanizados, galvalume e pr\u00e9-pintados. Qualidade garantida para o seu projeto industrial.","og_url":"https:\/\/www.cppaco.com.br\/novo\/produtos\/","og_site_name":"CPP A\u00e7o","article_modified_time":"2026-01-23T20:34:42+00:00","og_image":[{"url":"http:\/\/www.cppaco.com.br\/novo\/wp-content\/uploads\/2021\/05\/product-mob-bobinas-e1620668593893.jpeg","type":"","width":"","height":""}],"twitter_card":"summary_large_image","twitter_misc":{"Est. tempo de leitura":"2 minutos"},"schema":{"@context":"https:\/\/schema.org","@graph":[{"@type":"WebPage","@id":"https:\/\/www.cppaco.com.br\/novo\/produtos\/","url":"https:\/\/www.cppaco.com.br\/novo\/produtos\/","name":"Nossos Produtos Sider\u00fargicos | CPP A\u00e7os Planos","isPartOf":{"@id":"https:\/\/www.cppaco.com.br\/novo\/#website"},"primaryImageOfPage":{"@id":"https:\/\/www.cppaco.com.br\/novo\/produtos\/#primaryimage"},"image":{"@id":"https:\/\/www.cppaco.com.br\/novo\/produtos\/#primaryimage"},"thumbnailUrl":"http:\/\/www.cppaco.com.br\/novo\/wp-content\/uploads\/2021\/05\/product-mob-bobinas-e1620668593893.jpeg","datePublished":"2021-05-31T00:38:00+00:00","dateModified":"2026-01-23T20:34:42+00:00","description":"Conhe\u00e7a nossa linha completa de a\u00e7os planos: laminados a frio, galvanizados, galvalume e pr\u00e9-pintados. Qualidade garantida para o seu projeto industrial.","breadcrumb":{"@id":"https:\/\/www.cppaco.com.br\/novo\/produtos\/#breadcrumb"},"inLanguage":"pt-BR","potentialAction":[{"@type":"ReadAction","target":["https:\/\/www.cppaco.com.br\/novo\/produtos\/"]}]},{"@type":"ImageObject","inLanguage":"pt-BR","@id":"https:\/\/www.cppaco.com.br\/novo\/produtos\/#primaryimage","url":"http:\/\/www.cppaco.com.br\/novo\/wp-content\/uploads\/2021\/05\/product-mob-bobinas-e1620668593893.jpeg","contentUrl":"http:\/\/www.cppaco.com.br\/novo\/wp-content\/uploads\/2021\/05\/product-mob-bobinas-e1620668593893.jpeg"},{"@type":"BreadcrumbList","@id":"https:\/\/www.cppaco.com.br\/novo\/produtos\/#breadcrumb","itemListElement":[{"@type":"ListItem","position":1,"name":"In\u00edcio","item":"https:\/\/www.cppaco.com.br\/novo\/"},{"@type":"ListItem","position":2,"name":"Produtos"}]},{"@type":"WebSite","@id":"https:\/\/www.cppaco.com.br\/novo\/#website","url":"https:\/\/www.cppaco.com.br\/novo\/","name":"CPP A\u00e7o","description":"Cortes de A\u00e7os Planos e Pr\u00e9-Pintados","publisher":{"@id":"https:\/\/www.cppaco.com.br\/novo\/#organization"},"potentialAction":[{"@type":"SearchAction","target":{"@type":"EntryPoint","urlTemplate":"https:\/\/www.cppaco.com.br\/novo\/?s={search_term_string}"},"query-input":{"@type":"PropertyValueSpecification","valueRequired":true,"valueName":"search_term_string"}}],"inLanguage":"pt-BR"},{"@type":"Organization","@id":"https:\/\/www.cppaco.com.br\/novo\/#organization","name":"CPP A\u00e7o","url":"https:\/\/www.cppaco.com.br\/novo\/","logo":{"@type":"ImageObject","inLanguage":"pt-BR","@id":"https:\/\/www.cppaco.com.br\/novo\/#\/schema\/logo\/image\/","url":"https:\/\/www.cppaco.com.br\/novo\/wp-content\/uploads\/2025\/07\/cropped-Design-sem-nome-2.png","contentUrl":"https:\/\/www.cppaco.com.br\/novo\/wp-content\/uploads\/2025\/07\/cropped-Design-sem-nome-2.png","width":512,"height":512,"caption":"CPP A\u00e7o"},"image":{"@id":"https:\/\/www.cppaco.com.br\/novo\/#\/schema\/logo\/image\/"},"sameAs":["https:\/\/www.linkedin.com\/company\/cpp-centro-de-corte-e-armazenamento\/","https:\/\/www.instagram.com\/cppacos"]}]}},"_links":{"self":[{"href":"https:\/\/www.cppaco.com.br\/novo\/wp-json\/wp\/v2\/pages\/575","targetHints":{"allow":["GET"]}}],"collection":[{"href":"https:\/\/www.cppaco.com.br\/novo\/wp-json\/wp\/v2\/pages"}],"about":[{"href":"https:\/\/www.cppaco.com.br\/novo\/wp-json\/wp\/v2\/types\/page"}],"author":[{"embeddable":true,"href":"https:\/\/www.cppaco.com.br\/novo\/wp-json\/wp\/v2\/users\/1"}],"replies":[{"embeddable":true,"href":"https:\/\/www.cppaco.com.br\/novo\/wp-json\/wp\/v2\/comments?post=575"}],"version-history":[{"count":2,"href":"https:\/\/www.cppaco.com.br\/novo\/wp-json\/wp\/v2\/pages\/575\/revisions"}],"predecessor-version":[{"id":581,"href":"https:\/\/www.cppaco.com.br\/novo\/wp-json\/wp\/v2\/pages\/575\/revisions\/581"}],"wp:attachment":[{"href":"https:\/\/www.cppaco.com.br\/novo\/wp-json\/wp\/v2\/media?parent=575"}],"curies":[{"name":"wp","href":"https:\/\/api.w.org\/{rel}","templated":true}]}}