{"id":665,"date":"2021-05-30T23:41:39","date_gmt":"2021-05-31T02:41:39","guid":{"rendered":"https:\/\/www.cppaco.com.br\/novo\/?page_id=665"},"modified":"2026-01-23T17:36:29","modified_gmt":"2026-01-23T20:36:29","slug":"contato","status":"publish","type":"page","link":"https:\/\/www.cppaco.com.br\/novo\/contato\/","title":{"rendered":"Contato"},"content":{"rendered":"\t\t<div data-elementor-type=\"wp-page\" data-elementor-id=\"665\" class=\"elementor elementor-665\" data-elementor-post-type=\"page\">\n\t\t\t\t\t\t<section class=\"elementor-section elementor-top-section elementor-element elementor-element-546d80f elementor-section-full_width elementor-section-stretched elementor-section-height-default elementor-section-height-default\" data-id=\"546d80f\" data-element_type=\"section\" data-settings=\"{&quot;stretch_section&quot;:&quot;section-stretched&quot;}\">\n\t\t\t\t\t\t<div class=\"elementor-container elementor-column-gap-default\">\n\t\t\t\t\t<div class=\"elementor-column elementor-col-100 elementor-top-column elementor-element elementor-element-c215d9a\" data-id=\"c215d9a\" data-element_type=\"column\">\n\t\t\t<div class=\"elementor-widget-wrap elementor-element-populated\">\n\t\t\t\t\t\t<div class=\"elementor-element elementor-element-1fd728b elementor--h-position-center elementor--v-position-middle elementor-arrows-position-inside elementor-pagination-position-inside elementor-widget elementor-widget-slides\" data-id=\"1fd728b\" data-element_type=\"widget\" data-settings=\"{&quot;navigation&quot;:&quot;both&quot;,&quot;autoplay&quot;:&quot;yes&quot;,&quot;pause_on_hover&quot;:&quot;yes&quot;,&quot;pause_on_interaction&quot;:&quot;yes&quot;,&quot;autoplay_speed&quot;:5000,&quot;infinite&quot;:&quot;yes&quot;,&quot;transition&quot;:&quot;slide&quot;,&quot;transition_speed&quot;:500}\" data-widget_type=\"slides.default\">\n\t\t\t\t<div class=\"elementor-widget-container\">\n\t\t\t\t\t\t\t\t\t<div class=\"elementor-swiper\">\n\t\t\t\t\t<div class=\"elementor-slides-wrapper elementor-main-swiper swiper\" role=\"region\" aria-roledescription=\"carousel\" aria-label=\"Slides\" dir=\"ltr\" data-animation=\"fadeInUp\">\n\t\t\t\t<div class=\"swiper-wrapper elementor-slides\">\n\t\t\t\t\t\t\t\t\t\t<div class=\"elementor-repeater-item-6fa5a4c swiper-slide\" role=\"group\" aria-roledescription=\"slide\"><div class=\"swiper-slide-bg elementor-ken-burns elementor-ken-burns--in\" role=\"img\"><\/div><div class=\"elementor-background-overlay\"><\/div><div class=\"swiper-slide-inner\" ><div class=\"swiper-slide-contents\"><div class=\"elementor-slide-heading\">CONTATO<\/div><\/div><\/div><\/div>\t\t\t\t<\/div>\n\t\t\t\t\t\t\t<\/div>\n\t\t\t\t<\/div>\n\t\t\t\t\t\t\t\t<\/div>\n\t\t\t\t<\/div>\n\t\t\t\t\t<\/div>\n\t\t<\/div>\n\t\t\t\t\t<\/div>\n\t\t<\/section>\n\t\t\t\t<section class=\"elementor-section elementor-top-section elementor-element elementor-element-1714b92a elementor-section-boxed elementor-section-height-default elementor-section-height-default\" data-id=\"1714b92a\" data-element_type=\"section\" data-settings=\"{&quot;background_background&quot;:&quot;classic&quot;}\">\n\t\t\t\t\t\t<div class=\"elementor-container elementor-column-gap-default\">\n\t\t\t\t\t<div class=\"elementor-column elementor-col-50 elementor-top-column elementor-element elementor-element-6044c8b\" data-id=\"6044c8b\" data-element_type=\"column\">\n\t\t\t<div class=\"elementor-widget-wrap elementor-element-populated\">\n\t\t\t\t\t\t<div class=\"elementor-element elementor-element-6c3fa82 elementor-widget elementor-widget-heading\" data-id=\"6c3fa82\" data-element_type=\"widget\" data-widget_type=\"heading.default\">\n\t\t\t\t<div class=\"elementor-widget-container\">\n\t\t\t\t\t<h2 class=\"elementor-heading-title elementor-size-default\">Fale com a gente e encontre a solu\u00e7\u00e3o ideal para voc\u00ea!<\/h2>\t\t\t\t<\/div>\n\t\t\t\t<\/div>\n\t\t\t\t\t<\/div>\n\t\t<\/div>\n\t\t\t\t<div class=\"elementor-column elementor-col-50 elementor-top-column elementor-element elementor-element-5ddb01ba elementor-invisible\" data-id=\"5ddb01ba\" data-element_type=\"column\" data-settings=\"{&quot;animation&quot;:&quot;fadeInRight&quot;}\">\n\t\t\t<div class=\"elementor-widget-wrap elementor-element-populated\">\n\t\t\t\t\t\t<div class=\"elementor-element elementor-element-3a938c39 elementor-shape-square elementor-view-framed elementor-position-left elementor-mobile-position-top elementor-widget elementor-widget-icon-box\" data-id=\"3a938c39\" data-element_type=\"widget\" data-widget_type=\"icon-box.default\">\n\t\t\t\t<div class=\"elementor-widget-container\">\n\t\t\t\t\t\t\t<div class=\"elementor-icon-box-wrapper\">\n\n\t\t\t\t\t\t<div class=\"elementor-icon-box-icon\">\n\t\t\t\t<span  class=\"elementor-icon elementor-animation-shrink\">\n\t\t\t\t<i aria-hidden=\"true\" class=\"fas fa-map-marker-alt\"><\/i>\t\t\t\t<\/span>\n\t\t\t<\/div>\n\t\t\t\n\t\t\t\t\t\t<div class=\"elementor-icon-box-content\">\n\n\t\t\t\t\n\t\t\t\t\t\t\t\t\t<p class=\"elementor-icon-box-description\">\n\t\t\t\t\t\tEstrada Geral da Gamboa, 2501, Bloco 1, galp\u00e3o A  S\u00e3o Francisco do Sul - SC, 89337-899\t\t\t\t\t<\/p>\n\t\t\t\t\n\t\t\t<\/div>\n\t\t\t\n\t\t<\/div>\n\t\t\t\t\t\t<\/div>\n\t\t\t\t<\/div>\n\t\t\t\t<div class=\"elementor-element elementor-element-307c981a elementor-shape-square elementor-view-framed elementor-position-left elementor-mobile-position-top elementor-widget elementor-widget-icon-box\" data-id=\"307c981a\" data-element_type=\"widget\" data-widget_type=\"icon-box.default\">\n\t\t\t\t<div class=\"elementor-widget-container\">\n\t\t\t\t\t\t\t<div class=\"elementor-icon-box-wrapper\">\n\n\t\t\t\t\t\t<div class=\"elementor-icon-box-icon\">\n\t\t\t\t<span  class=\"elementor-icon elementor-animation-shrink\">\n\t\t\t\t<i aria-hidden=\"true\" class=\"fas fa-phone\"><\/i>\t\t\t\t<\/span>\n\t\t\t<\/div>\n\t\t\t\n\t\t\t\t\t\t<div class=\"elementor-icon-box-content\">\n\n\t\t\t\t\n\t\t\t\t\t\t\t\t\t<p class=\"elementor-icon-box-description\">\n\t\t\t\t\t\t+ 55 47 3511-0960\t\t\t\t\t<\/p>\n\t\t\t\t\n\t\t\t<\/div>\n\t\t\t\n\t\t<\/div>\n\t\t\t\t\t\t<\/div>\n\t\t\t\t<\/div>\n\t\t\t\t<div class=\"elementor-element elementor-element-5433832 elementor-shape-square elementor-view-framed elementor-position-left elementor-mobile-position-top elementor-widget elementor-widget-icon-box\" data-id=\"5433832\" data-element_type=\"widget\" data-widget_type=\"icon-box.default\">\n\t\t\t\t<div class=\"elementor-widget-container\">\n\t\t\t\t\t\t\t<div class=\"elementor-icon-box-wrapper\">\n\n\t\t\t\t\t\t<div class=\"elementor-icon-box-icon\">\n\t\t\t\t<a href=\"https:\/\/wa.me\/5547984869620\" class=\"elementor-icon elementor-animation-shrink\" tabindex=\"-1\">\n\t\t\t\t<i aria-hidden=\"true\" class=\"fab fa-whatsapp\"><\/i>\t\t\t\t<\/a>\n\t\t\t<\/div>\n\t\t\t\n\t\t\t\t\t\t<div class=\"elementor-icon-box-content\">\n\n\t\t\t\t\n\t\t\t\t\t\t\t\t\t<p class=\"elementor-icon-box-description\">\n\t\t\t\t\t\t+ 55 47 99226\u00a0-\u00a08316\t\t\t\t\t<\/p>\n\t\t\t\t\n\t\t\t<\/div>\n\t\t\t\n\t\t<\/div>\n\t\t\t\t\t\t<\/div>\n\t\t\t\t<\/div>\n\t\t\t\t<div class=\"elementor-element elementor-element-675c2f56 elementor-shape-square elementor-view-framed elementor-position-left elementor-mobile-position-top elementor-widget elementor-widget-icon-box\" data-id=\"675c2f56\" data-element_type=\"widget\" data-widget_type=\"icon-box.default\">\n\t\t\t\t<div class=\"elementor-widget-container\">\n\t\t\t\t\t\t\t<div class=\"elementor-icon-box-wrapper\">\n\n\t\t\t\t\t\t<div class=\"elementor-icon-box-icon\">\n\t\t\t\t<span  class=\"elementor-icon elementor-animation-shrink\">\n\t\t\t\t<i aria-hidden=\"true\" class=\"fas fa-envelope\"><\/i>\t\t\t\t<\/span>\n\t\t\t<\/div>\n\t\t\t\n\t\t\t\t\t\t<div class=\"elementor-icon-box-content\">\n\n\t\t\t\t\n\t\t\t\t\t\t\t\t\t<p class=\"elementor-icon-box-description\">\n\t\t\t\t\t\tadm@cppaco.com.br\t\t\t\t\t<\/p>\n\t\t\t\t\n\t\t\t<\/div>\n\t\t\t\n\t\t<\/div>\n\t\t\t\t\t\t<\/div>\n\t\t\t\t<\/div>\n\t\t\t\t\t<\/div>\n\t\t<\/div>\n\t\t\t\t\t<\/div>\n\t\t<\/section>\n\t\t\t\t<section class=\"elementor-section elementor-top-section elementor-element elementor-element-e4353d6 elementor-section-full_width elementor-section-height-default elementor-section-height-default\" data-id=\"e4353d6\" data-element_type=\"section\" data-settings=\"{&quot;background_background&quot;:&quot;classic&quot;}\">\n\t\t\t\t\t\t<div class=\"elementor-container elementor-column-gap-default\">\n\t\t\t\t\t<div class=\"elementor-column elementor-col-100 elementor-top-column elementor-element elementor-element-3887356b\" data-id=\"3887356b\" data-element_type=\"column\">\n\t\t\t<div class=\"elementor-widget-wrap elementor-element-populated\">\n\t\t\t\t\t\t<div class=\"elementor-element elementor-element-3ec17486 elementor-widget elementor-widget-heading\" data-id=\"3ec17486\" data-element_type=\"widget\" data-widget_type=\"heading.default\">\n\t\t\t\t<div class=\"elementor-widget-container\">\n\t\t\t\t\t<h2 class=\"elementor-heading-title elementor-size-default\">Nossa Localiza\u00e7\u00e3o<\/h2>\t\t\t\t<\/div>\n\t\t\t\t<\/div>\n\t\t\t\t<div class=\"elementor-element elementor-element-2a78fa7a elementor-widget elementor-widget-google_maps\" data-id=\"2a78fa7a\" data-element_type=\"widget\" data-widget_type=\"google_maps.default\">\n\t\t\t\t<div class=\"elementor-widget-container\">\n\t\t\t\t\t\t\t<div class=\"elementor-custom-embed\">\n\t\t\t<iframe loading=\"lazy\"\n\t\t\t\t\tsrc=\"https:\/\/maps.google.com\/maps?q=Estrada%20Geral%20da%20Gamboa%2C%202501%2C%20Bloco%201%2C%20galp%C3%A3o%20A%20%20S%C3%A3o%20Francisco%20do%20Sul%20-%20SC%2C%2089240-000&#038;t=m&#038;z=13&#038;output=embed&#038;iwloc=near\"\n\t\t\t\t\ttitle=\"Estrada Geral da Gamboa, 2501, Bloco 1, galp\u00e3o A  S\u00e3o Francisco do Sul - SC, 89240-000\"\n\t\t\t\t\taria-label=\"Estrada Geral da Gamboa, 2501, Bloco 1, galp\u00e3o A  S\u00e3o Francisco do Sul - SC, 89240-000\"\n\t\t\t><\/iframe>\n\t\t<\/div>\n\t\t\t\t\t\t<\/div>\n\t\t\t\t<\/div>\n\t\t\t\t<div class=\"elementor-element elementor-element-f0c80af elementor-widget elementor-widget-heading\" data-id=\"f0c80af\" data-element_type=\"widget\" data-widget_type=\"heading.default\">\n\t\t\t\t<div class=\"elementor-widget-container\">\n\t\t\t\t\t<h2 class=\"elementor-heading-title elementor-size-default\">14km do Porto de S\u00e3o Francisco do Sul: <br>um dos principais pontos de acesso para o com\u00e9rcio internacional<\/h2>\t\t\t\t<\/div>\n\t\t\t\t<\/div>\n\t\t\t\t\t<\/div>\n\t\t<\/div>\n\t\t\t\t\t<\/div>\n\t\t<\/section>\n\t\t\t\t<\/div>\n\t\t","protected":false},"excerpt":{"rendered":"<p>CONTATO Fale com a gente e encontre a solu\u00e7\u00e3o ideal para voc\u00ea! Estrada Geral da Gamboa, 2501, Bloco 1, galp\u00e3o A S\u00e3o Francisco do Sul &#8211; SC, 89337-899 + 55 47 3511-0960 + 55 47 99226\u00a0&#8211;\u00a08316 adm@cppaco.com.br Nossa Localiza\u00e7\u00e3o 14km do Porto de S\u00e3o Francisco do Sul: um dos principais pontos de acesso para o [&hellip;]<\/p>\n","protected":false},"author":1,"featured_media":0,"parent":0,"menu_order":0,"comment_status":"closed","ping_status":"closed","template":"","meta":{"ocean_post_layout":"","ocean_both_sidebars_style":"","ocean_both_sidebars_content_width":0,"ocean_both_sidebars_sidebars_width":0,"ocean_sidebar":"","ocean_second_sidebar":"","ocean_disable_margins":"enable","ocean_add_body_class":"","ocean_shortcode_before_top_bar":"","ocean_shortcode_after_top_bar":"","ocean_shortcode_before_header":"","ocean_shortcode_after_header":"","ocean_has_shortcode":"","ocean_shortcode_after_title":"","ocean_shortcode_before_footer_widgets":"","ocean_shortcode_after_footer_widgets":"","ocean_shortcode_before_footer_bottom":"","ocean_shortcode_after_footer_bottom":"","ocean_display_top_bar":"default","ocean_display_header":"default","ocean_header_style":"","ocean_center_header_left_menu":"","ocean_custom_header_template":"","ocean_custom_logo":0,"ocean_custom_retina_logo":0,"ocean_custom_logo_max_width":0,"ocean_custom_logo_tablet_max_width":0,"ocean_custom_logo_mobile_max_width":0,"ocean_custom_logo_max_height":0,"ocean_custom_logo_tablet_max_height":0,"ocean_custom_logo_mobile_max_height":0,"ocean_header_custom_menu":"","ocean_menu_typo_font_family":"","ocean_menu_typo_font_subset":"","ocean_menu_typo_font_size":0,"ocean_menu_typo_font_size_tablet":0,"ocean_menu_typo_font_size_mobile":0,"ocean_menu_typo_font_size_unit":"px","ocean_menu_typo_font_weight":"","ocean_menu_typo_font_weight_tablet":"","ocean_menu_typo_font_weight_mobile":"","ocean_menu_typo_transform":"","ocean_menu_typo_transform_tablet":"","ocean_menu_typo_transform_mobile":"","ocean_menu_typo_line_height":0,"ocean_menu_typo_line_height_tablet":0,"ocean_menu_typo_line_height_mobile":0,"ocean_menu_typo_line_height_unit":"","ocean_menu_typo_spacing":0,"ocean_menu_typo_spacing_tablet":0,"ocean_menu_typo_spacing_mobile":0,"ocean_menu_typo_spacing_unit":"","ocean_menu_link_color":"","ocean_menu_link_color_hover":"","ocean_menu_link_color_active":"","ocean_menu_link_background":"","ocean_menu_link_hover_background":"","ocean_menu_link_active_background":"","ocean_menu_social_links_bg":"","ocean_menu_social_hover_links_bg":"","ocean_menu_social_links_color":"","ocean_menu_social_hover_links_color":"","ocean_disable_title":"default","ocean_disable_heading":"default","ocean_post_title":"","ocean_post_subheading":"","ocean_post_title_style":"","ocean_post_title_background_color":"","ocean_post_title_background":0,"ocean_post_title_bg_image_position":"","ocean_post_title_bg_image_attachment":"","ocean_post_title_bg_image_repeat":"","ocean_post_title_bg_image_size":"","ocean_post_title_height":0,"ocean_post_title_bg_overlay":0.5,"ocean_post_title_bg_overlay_color":"","ocean_disable_breadcrumbs":"default","ocean_breadcrumbs_color":"","ocean_breadcrumbs_separator_color":"","ocean_breadcrumbs_links_color":"","ocean_breadcrumbs_links_hover_color":"","ocean_display_footer_widgets":"default","ocean_display_footer_bottom":"default","ocean_custom_footer_template":"","_joinchat":[],"footnotes":""},"class_list":["post-665","page","type-page","status-publish","hentry","entry"],"yoast_head":"<!-- This site is optimized with the Yoast SEO plugin v26.8 - https:\/\/yoast.com\/product\/yoast-seo-wordpress\/ -->\n<title>Fale Conosco | Or\u00e7amentos e Atendimento | CPP A\u00e7os Planos<\/title>\n<meta name=\"description\" content=\"Entre em contato com a CPP. Atendimento especializado em Araquari - SC para solu\u00e7\u00f5es em corte e beneficiamento de a\u00e7os planos e pr\u00e9-pintados.\" \/>\n<meta name=\"robots\" content=\"index, follow, max-snippet:-1, max-image-preview:large, max-video-preview:-1\" \/>\n<link rel=\"canonical\" href=\"https:\/\/www.cppaco.com.br\/novo\/contato\/\" \/>\n<meta property=\"og:locale\" content=\"pt_BR\" \/>\n<meta property=\"og:type\" content=\"article\" \/>\n<meta property=\"og:title\" content=\"Fale Conosco | Or\u00e7amentos e Atendimento | CPP A\u00e7os Planos\" \/>\n<meta property=\"og:description\" content=\"Entre em contato com a CPP. Atendimento especializado em Araquari - SC para solu\u00e7\u00f5es em corte e beneficiamento de a\u00e7os planos e pr\u00e9-pintados.\" \/>\n<meta property=\"og:url\" content=\"https:\/\/www.cppaco.com.br\/novo\/contato\/\" \/>\n<meta property=\"og:site_name\" content=\"CPP A\u00e7o\" \/>\n<meta property=\"article:modified_time\" content=\"2026-01-23T20:36:29+00:00\" \/>\n<meta name=\"twitter:card\" content=\"summary_large_image\" \/>\n<meta name=\"twitter:label1\" content=\"Est. tempo de leitura\" \/>\n\t<meta name=\"twitter:data1\" content=\"1 minuto\" \/>\n<script type=\"application\/ld+json\" class=\"yoast-schema-graph\">{\"@context\":\"https:\/\/schema.org\",\"@graph\":[{\"@type\":\"WebPage\",\"@id\":\"https:\/\/www.cppaco.com.br\/novo\/contato\/\",\"url\":\"https:\/\/www.cppaco.com.br\/novo\/contato\/\",\"name\":\"Fale Conosco | Or\u00e7amentos e Atendimento | CPP A\u00e7os Planos\",\"isPartOf\":{\"@id\":\"https:\/\/www.cppaco.com.br\/novo\/#website\"},\"datePublished\":\"2021-05-31T02:41:39+00:00\",\"dateModified\":\"2026-01-23T20:36:29+00:00\",\"description\":\"Entre em contato com a CPP. Atendimento especializado em Araquari - SC para solu\u00e7\u00f5es em corte e beneficiamento de a\u00e7os planos e pr\u00e9-pintados.\",\"breadcrumb\":{\"@id\":\"https:\/\/www.cppaco.com.br\/novo\/contato\/#breadcrumb\"},\"inLanguage\":\"pt-BR\",\"potentialAction\":[{\"@type\":\"ReadAction\",\"target\":[\"https:\/\/www.cppaco.com.br\/novo\/contato\/\"]}]},{\"@type\":\"BreadcrumbList\",\"@id\":\"https:\/\/www.cppaco.com.br\/novo\/contato\/#breadcrumb\",\"itemListElement\":[{\"@type\":\"ListItem\",\"position\":1,\"name\":\"In\u00edcio\",\"item\":\"https:\/\/www.cppaco.com.br\/novo\/\"},{\"@type\":\"ListItem\",\"position\":2,\"name\":\"Contato\"}]},{\"@type\":\"WebSite\",\"@id\":\"https:\/\/www.cppaco.com.br\/novo\/#website\",\"url\":\"https:\/\/www.cppaco.com.br\/novo\/\",\"name\":\"CPP A\u00e7o\",\"description\":\"Cortes de A\u00e7os Planos e Pr\u00e9-Pintados\",\"publisher\":{\"@id\":\"https:\/\/www.cppaco.com.br\/novo\/#organization\"},\"potentialAction\":[{\"@type\":\"SearchAction\",\"target\":{\"@type\":\"EntryPoint\",\"urlTemplate\":\"https:\/\/www.cppaco.com.br\/novo\/?s={search_term_string}\"},\"query-input\":{\"@type\":\"PropertyValueSpecification\",\"valueRequired\":true,\"valueName\":\"search_term_string\"}}],\"inLanguage\":\"pt-BR\"},{\"@type\":\"Organization\",\"@id\":\"https:\/\/www.cppaco.com.br\/novo\/#organization\",\"name\":\"CPP A\u00e7o\",\"url\":\"https:\/\/www.cppaco.com.br\/novo\/\",\"logo\":{\"@type\":\"ImageObject\",\"inLanguage\":\"pt-BR\",\"@id\":\"https:\/\/www.cppaco.com.br\/novo\/#\/schema\/logo\/image\/\",\"url\":\"https:\/\/www.cppaco.com.br\/novo\/wp-content\/uploads\/2025\/07\/cropped-Design-sem-nome-2.png\",\"contentUrl\":\"https:\/\/www.cppaco.com.br\/novo\/wp-content\/uploads\/2025\/07\/cropped-Design-sem-nome-2.png\",\"width\":512,\"height\":512,\"caption\":\"CPP A\u00e7o\"},\"image\":{\"@id\":\"https:\/\/www.cppaco.com.br\/novo\/#\/schema\/logo\/image\/\"},\"sameAs\":[\"https:\/\/www.linkedin.com\/company\/cpp-centro-de-corte-e-armazenamento\/\",\"https:\/\/www.instagram.com\/cppacos\"]}]}<\/script>\n<!-- \/ Yoast SEO plugin. -->","yoast_head_json":{"title":"Fale Conosco | Or\u00e7amentos e Atendimento | CPP A\u00e7os Planos","description":"Entre em contato com a CPP. Atendimento especializado em Araquari - SC para solu\u00e7\u00f5es em corte e beneficiamento de a\u00e7os planos e pr\u00e9-pintados.","robots":{"index":"index","follow":"follow","max-snippet":"max-snippet:-1","max-image-preview":"max-image-preview:large","max-video-preview":"max-video-preview:-1"},"canonical":"https:\/\/www.cppaco.com.br\/novo\/contato\/","og_locale":"pt_BR","og_type":"article","og_title":"Fale Conosco | Or\u00e7amentos e Atendimento | CPP A\u00e7os Planos","og_description":"Entre em contato com a CPP. Atendimento especializado em Araquari - SC para solu\u00e7\u00f5es em corte e beneficiamento de a\u00e7os planos e pr\u00e9-pintados.","og_url":"https:\/\/www.cppaco.com.br\/novo\/contato\/","og_site_name":"CPP A\u00e7o","article_modified_time":"2026-01-23T20:36:29+00:00","twitter_card":"summary_large_image","twitter_misc":{"Est. tempo de leitura":"1 minuto"},"schema":{"@context":"https:\/\/schema.org","@graph":[{"@type":"WebPage","@id":"https:\/\/www.cppaco.com.br\/novo\/contato\/","url":"https:\/\/www.cppaco.com.br\/novo\/contato\/","name":"Fale Conosco | Or\u00e7amentos e Atendimento | CPP A\u00e7os Planos","isPartOf":{"@id":"https:\/\/www.cppaco.com.br\/novo\/#website"},"datePublished":"2021-05-31T02:41:39+00:00","dateModified":"2026-01-23T20:36:29+00:00","description":"Entre em contato com a CPP. Atendimento especializado em Araquari - SC para solu\u00e7\u00f5es em corte e beneficiamento de a\u00e7os planos e pr\u00e9-pintados.","breadcrumb":{"@id":"https:\/\/www.cppaco.com.br\/novo\/contato\/#breadcrumb"},"inLanguage":"pt-BR","potentialAction":[{"@type":"ReadAction","target":["https:\/\/www.cppaco.com.br\/novo\/contato\/"]}]},{"@type":"BreadcrumbList","@id":"https:\/\/www.cppaco.com.br\/novo\/contato\/#breadcrumb","itemListElement":[{"@type":"ListItem","position":1,"name":"In\u00edcio","item":"https:\/\/www.cppaco.com.br\/novo\/"},{"@type":"ListItem","position":2,"name":"Contato"}]},{"@type":"WebSite","@id":"https:\/\/www.cppaco.com.br\/novo\/#website","url":"https:\/\/www.cppaco.com.br\/novo\/","name":"CPP A\u00e7o","description":"Cortes de A\u00e7os Planos e Pr\u00e9-Pintados","publisher":{"@id":"https:\/\/www.cppaco.com.br\/novo\/#organization"},"potentialAction":[{"@type":"SearchAction","target":{"@type":"EntryPoint","urlTemplate":"https:\/\/www.cppaco.com.br\/novo\/?s={search_term_string}"},"query-input":{"@type":"PropertyValueSpecification","valueRequired":true,"valueName":"search_term_string"}}],"inLanguage":"pt-BR"},{"@type":"Organization","@id":"https:\/\/www.cppaco.com.br\/novo\/#organization","name":"CPP A\u00e7o","url":"https:\/\/www.cppaco.com.br\/novo\/","logo":{"@type":"ImageObject","inLanguage":"pt-BR","@id":"https:\/\/www.cppaco.com.br\/novo\/#\/schema\/logo\/image\/","url":"https:\/\/www.cppaco.com.br\/novo\/wp-content\/uploads\/2025\/07\/cropped-Design-sem-nome-2.png","contentUrl":"https:\/\/www.cppaco.com.br\/novo\/wp-content\/uploads\/2025\/07\/cropped-Design-sem-nome-2.png","width":512,"height":512,"caption":"CPP A\u00e7o"},"image":{"@id":"https:\/\/www.cppaco.com.br\/novo\/#\/schema\/logo\/image\/"},"sameAs":["https:\/\/www.linkedin.com\/company\/cpp-centro-de-corte-e-armazenamento\/","https:\/\/www.instagram.com\/cppacos"]}]}},"_links":{"self":[{"href":"https:\/\/www.cppaco.com.br\/novo\/wp-json\/wp\/v2\/pages\/665","targetHints":{"allow":["GET"]}}],"collection":[{"href":"https:\/\/www.cppaco.com.br\/novo\/wp-json\/wp\/v2\/pages"}],"about":[{"href":"https:\/\/www.cppaco.com.br\/novo\/wp-json\/wp\/v2\/types\/page"}],"author":[{"embeddable":true,"href":"https:\/\/www.cppaco.com.br\/novo\/wp-json\/wp\/v2\/users\/1"}],"replies":[{"embeddable":true,"href":"https:\/\/www.cppaco.com.br\/novo\/wp-json\/wp\/v2\/comments?post=665"}],"version-history":[{"count":60,"href":"https:\/\/www.cppaco.com.br\/novo\/wp-json\/wp\/v2\/pages\/665\/revisions"}],"predecessor-version":[{"id":1696,"href":"https:\/\/www.cppaco.com.br\/novo\/wp-json\/wp\/v2\/pages\/665\/revisions\/1696"}],"wp:attachment":[{"href":"https:\/\/www.cppaco.com.br\/novo\/wp-json\/wp\/v2\/media?parent=665"}],"curies":[{"name":"wp","href":"https:\/\/api.w.org\/{rel}","templated":true}]}}